{"id":4274,"date":"2016-09-07T08:14:18","date_gmt":"2016-09-07T08:14:18","guid":{"rendered":"https:\/\/www.daviddelval.com\/politica-de-cookies\/"},"modified":"2016-10-07T08:26:49","modified_gmt":"2016-10-07T08:26:49","slug":"politica-de-cookies","status":"publish","type":"page","link":"https:\/\/www.daviddelval.com\/ca\/politica-de-cookies\/","title":{"rendered":"Pol\u00edtica de cookies"},"content":{"rendered":"<article>\n<h1>POL\u00cdTICA DE COOKIES<\/h1>\n<p>Una cookie \u00e9s un petit informaci\u00f3 enviada per un lloc web i emmagatzemada en el navegador de l&#8217;usuari, de manera que el lloc web pot consultar l&#8217;activitat pr\u00e8via de l&#8217;usuari.<\/p>\n<p>En aquest lloc web s&#8217;utilitzen les seg\u00fcents galetes que es detallen a continuaci\u00f3:<\/p>\n<ul>\n<li>cookies estrictament necess\u00e0ries per a la prestaci\u00f3 de determinats serveis sol\u2022licitats expressament per l&#8217;usuari: si es desactiven aquestes galetes podr\u00edeu no ser rebre correctament els nostres continguts i serveis.<\/li>\n<li>cookies anal\u00edtiques, les quals ajuden a proporionar dades estad\u00edstiques d&#8217;\u00fas de la web per millorar en el contingut i servei que oferim.<\/li>\n<\/ul>\n<p>&nbsp;<\/p>\n<h2>DESACTIVACI\u00d3 DE COOKIES<\/h2>\n<p>L&#8217;usuari podr\u00e0 -en qualsevol moment- triar quines cookies vol que funcionin en aquest lloc web mitjan\u00e7ant la configuraci\u00f3 del navegador:<\/p>\n<ul>\n<li><strong>Chrome<\/strong>, desde <a href=\"http:\/\/support.google.com\/chrome\/bin\/answer.py?hl=es&amp;answer=95647\" target=\"_blank\">http:\/\/support.google.com\/chrome\/bin\/answer.py?hl=es&amp;answer=95647 <\/a><\/li>\n<li><strong>Explorer<\/strong>, desde <a href=\"http:\/\/windows.microsoft.com\/es-es\/windows7\/how-to-manage-cookies-in-internet-explorer-9\" target=\"_blank\">http:\/\/windows.microsoft.com\/es-es\/windows7\/how-to-manage-cookies-in-internet-explorer-9<\/a><\/li>\n<li><strong>Firefox<\/strong>, desde <a href=\"http:\/\/support.mozilla.org\/es\/kb\/habilitar-y-deshabilitar-cookies-que-los-sitios-we\" target=\"_blank\">http:\/\/support.mozilla.org\/es\/kb\/habilitar-y-deshabilitar-cookies-que-los-sitios-we<\/a><\/li>\n<li>Safari, desde <a href=\"http:\/\/support.apple.com\/kb\/ph5042\" target=\"_blank\">http:\/\/support.apple.com\/kb\/ph5042<\/a><\/li>\n<\/ul>\n<p>&nbsp;<\/p>\n<\/article>","protected":false},"excerpt":{"rendered":"<p>POL\u00cdTICA DE COOKIES Una cookie \u00e9s un petit informaci\u00f3 enviada per un lloc web i emmagatzemada en el navegador de&#8230;<\/p>\n","protected":false},"author":1,"featured_media":0,"parent":0,"menu_order":0,"comment_status":"closed","ping_status":"closed","template":"","meta":[],"yoast_head":"<!-- This site is optimized with the Yoast SEO plugin v20.3 - https:\/\/yoast.com\/wordpress\/plugins\/seo\/ -->\n<title>Pol\u00edtica de cookies - DAVID DEL VAL FOTOGRAFO DE BODA LLEIDA BARCELONA GIRONA TARRAGONA FOTOGRAF BARCELONA WEDDING PHOTOGRAPHER RETRAT REPORTATGE COMUNIO NENS FAMILIA Y EMBARAS<\/title>\n<meta name=\"robots\" content=\"index, follow, max-snippet:-1, max-image-preview:large, max-video-preview:-1\" \/>\n<link rel=\"canonical\" href=\"https:\/\/www.daviddelval.com\/politica-de-cookies\/\" \/>\n<meta property=\"og:locale\" content=\"es_ES\" \/>\n<meta property=\"og:type\" content=\"article\" \/>\n<meta property=\"og:title\" content=\"Pol\u00edtica de cookies - DAVID DEL VAL FOTOGRAFO DE BODA LLEIDA BARCELONA GIRONA TARRAGONA FOTOGRAF BARCELONA WEDDING PHOTOGRAPHER RETRAT REPORTATGE COMUNIO NENS FAMILIA Y EMBARAS\" \/>\n<meta property=\"og:description\" content=\"POL\u00cdTICA DE COOKIES Una cookie \u00e9s un petit informaci\u00f3 enviada per un lloc web i emmagatzemada en el navegador de...\" \/>\n<meta property=\"og:url\" content=\"https:\/\/www.daviddelval.com\/politica-de-cookies\/\" \/>\n<meta property=\"og:site_name\" content=\"DAVID DEL VAL FOTOGRAFO DE BODA LLEIDA BARCELONA GIRONA TARRAGONA FOTOGRAF BARCELONA WEDDING PHOTOGRAPHER RETRAT REPORTATGE COMUNIO NENS FAMILIA Y EMBARAS\" \/>\n<meta property=\"article:publisher\" content=\"https:\/\/www.facebook.com\/david.delvalfoto\" \/>\n<meta property=\"article:modified_time\" content=\"2016-10-07T08:26:49+00:00\" \/>\n<meta name=\"twitter:card\" content=\"summary_large_image\" \/>\n<meta name=\"twitter:site\" content=\"@DaviddelValFoto\" \/>\n<meta name=\"twitter:label1\" content=\"Est. reading time\" \/>\n\t<meta name=\"twitter:data1\" content=\"3 minutes\" \/>\n<script type=\"application\/ld+json\" class=\"yoast-schema-graph\">{\"@context\":\"https:\/\/schema.org\",\"@graph\":[{\"@type\":\"WebPage\",\"@id\":\"https:\/\/www.daviddelval.com\/politica-de-cookies\/\",\"url\":\"https:\/\/www.daviddelval.com\/politica-de-cookies\/\",\"name\":\"Pol\u00edtica de cookies - DAVID DEL VAL FOTOGRAFO DE BODA LLEIDA BARCELONA GIRONA TARRAGONA FOTOGRAF BARCELONA WEDDING PHOTOGRAPHER RETRAT REPORTATGE COMUNIO NENS FAMILIA Y EMBARAS\",\"isPartOf\":{\"@id\":\"https:\/\/www.daviddelval.com\/#website\"},\"datePublished\":\"2016-09-07T08:14:18+00:00\",\"dateModified\":\"2016-10-07T08:26:49+00:00\",\"breadcrumb\":{\"@id\":\"https:\/\/www.daviddelval.com\/politica-de-cookies\/#breadcrumb\"},\"inLanguage\":\"es-CA\",\"potentialAction\":[{\"@type\":\"ReadAction\",\"target\":[\"https:\/\/www.daviddelval.com\/politica-de-cookies\/\"]}]},{\"@type\":\"BreadcrumbList\",\"@id\":\"https:\/\/www.daviddelval.com\/politica-de-cookies\/#breadcrumb\",\"itemListElement\":[{\"@type\":\"ListItem\",\"position\":1,\"name\":\"Portada\",\"item\":\"https:\/\/www.daviddelval.com\/\"},{\"@type\":\"ListItem\",\"position\":2,\"name\":\"Pol\u00edtica de cookies\"}]},{\"@type\":\"WebSite\",\"@id\":\"https:\/\/www.daviddelval.com\/#website\",\"url\":\"https:\/\/www.daviddelval.com\/\",\"name\":\"DAVID DEL VAL FOTOGRAFO DE BODA LLEIDA BARCELONA GIRONA TARRAGONA FOTOGRAF BARCELONA WEDDING PHOTOGRAPHER RETRAT REPORTATGE COMUNIO NENS FAMILIA Y EMBARAS\",\"description\":\"David del Val Fotograf\u00eda\",\"potentialAction\":[{\"@type\":\"SearchAction\",\"target\":{\"@type\":\"EntryPoint\",\"urlTemplate\":\"https:\/\/www.daviddelval.com\/?s={search_term_string}\"},\"query-input\":\"required name=search_term_string\"}],\"inLanguage\":\"es-CA\"}]}<\/script>\n<!-- \/ Yoast SEO plugin. -->","yoast_head_json":{"title":"Pol\u00edtica de cookies - DAVID DEL VAL FOTOGRAFO DE BODA LLEIDA BARCELONA GIRONA TARRAGONA FOTOGRAF BARCELONA WEDDING PHOTOGRAPHER RETRAT REPORTATGE COMUNIO NENS FAMILIA Y EMBARAS","robots":{"index":"index","follow":"follow","max-snippet":"max-snippet:-1","max-image-preview":"max-image-preview:large","max-video-preview":"max-video-preview:-1"},"canonical":"https:\/\/www.daviddelval.com\/politica-de-cookies\/","og_locale":"es_ES","og_type":"article","og_title":"Pol\u00edtica de cookies - DAVID DEL VAL FOTOGRAFO DE BODA LLEIDA BARCELONA GIRONA TARRAGONA FOTOGRAF BARCELONA WEDDING PHOTOGRAPHER RETRAT REPORTATGE COMUNIO NENS FAMILIA Y EMBARAS","og_description":"POL\u00cdTICA DE COOKIES Una cookie \u00e9s un petit informaci\u00f3 enviada per un lloc web i emmagatzemada en el navegador de...","og_url":"https:\/\/www.daviddelval.com\/politica-de-cookies\/","og_site_name":"DAVID DEL VAL FOTOGRAFO DE BODA LLEIDA BARCELONA GIRONA TARRAGONA FOTOGRAF BARCELONA WEDDING PHOTOGRAPHER RETRAT REPORTATGE COMUNIO NENS FAMILIA Y EMBARAS","article_publisher":"https:\/\/www.facebook.com\/david.delvalfoto","article_modified_time":"2016-10-07T08:26:49+00:00","twitter_card":"summary_large_image","twitter_site":"@DaviddelValFoto","twitter_misc":{"Est. reading time":"3 minutes"},"schema":{"@context":"https:\/\/schema.org","@graph":[{"@type":"WebPage","@id":"https:\/\/www.daviddelval.com\/politica-de-cookies\/","url":"https:\/\/www.daviddelval.com\/politica-de-cookies\/","name":"Pol\u00edtica de cookies - DAVID DEL VAL FOTOGRAFO DE BODA LLEIDA BARCELONA GIRONA TARRAGONA FOTOGRAF BARCELONA WEDDING PHOTOGRAPHER RETRAT REPORTATGE COMUNIO NENS FAMILIA Y EMBARAS","isPartOf":{"@id":"https:\/\/www.daviddelval.com\/#website"},"datePublished":"2016-09-07T08:14:18+00:00","dateModified":"2016-10-07T08:26:49+00:00","breadcrumb":{"@id":"https:\/\/www.daviddelval.com\/politica-de-cookies\/#breadcrumb"},"inLanguage":"es-CA","potentialAction":[{"@type":"ReadAction","target":["https:\/\/www.daviddelval.com\/politica-de-cookies\/"]}]},{"@type":"BreadcrumbList","@id":"https:\/\/www.daviddelval.com\/politica-de-cookies\/#breadcrumb","itemListElement":[{"@type":"ListItem","position":1,"name":"Portada","item":"https:\/\/www.daviddelval.com\/"},{"@type":"ListItem","position":2,"name":"Pol\u00edtica de cookies"}]},{"@type":"WebSite","@id":"https:\/\/www.daviddelval.com\/#website","url":"https:\/\/www.daviddelval.com\/","name":"DAVID DEL VAL FOTOGRAFO DE BODA LLEIDA BARCELONA GIRONA TARRAGONA FOTOGRAF BARCELONA WEDDING PHOTOGRAPHER RETRAT REPORTATGE COMUNIO NENS FAMILIA Y EMBARAS","description":"David del Val Fotograf\u00eda","potentialAction":[{"@type":"SearchAction","target":{"@type":"EntryPoint","urlTemplate":"https:\/\/www.daviddelval.com\/?s={search_term_string}"},"query-input":"required name=search_term_string"}],"inLanguage":"es-CA"}]}},"_links":{"self":[{"href":"https:\/\/www.daviddelval.com\/ca\/wp-json\/wp\/v2\/pages\/4274"}],"collection":[{"href":"https:\/\/www.daviddelval.com\/ca\/wp-json\/wp\/v2\/pages"}],"about":[{"href":"https:\/\/www.daviddelval.com\/ca\/wp-json\/wp\/v2\/types\/page"}],"author":[{"embeddable":true,"href":"https:\/\/www.daviddelval.com\/ca\/wp-json\/wp\/v2\/users\/1"}],"replies":[{"embeddable":true,"href":"https:\/\/www.daviddelval.com\/ca\/wp-json\/wp\/v2\/comments?post=4274"}],"version-history":[{"count":7,"href":"https:\/\/www.daviddelval.com\/ca\/wp-json\/wp\/v2\/pages\/4274\/revisions"}],"predecessor-version":[{"id":4540,"href":"https:\/\/www.daviddelval.com\/ca\/wp-json\/wp\/v2\/pages\/4274\/revisions\/4540"}],"wp:attachment":[{"href":"https:\/\/www.daviddelval.com\/ca\/wp-json\/wp\/v2\/media?parent=4274"}],"curies":[{"name":"wp","href":"https:\/\/api.w.org\/{rel}","templated":true}]}}